{"id":418,"date":"2020-08-09T13:57:07","date_gmt":"2020-08-09T11:57:07","guid":{"rendered":"https:\/\/cleanglobaltech.com\/produkt\/desinfektionstunnel-clean-tunel\/"},"modified":"2024-11-11T08:11:51","modified_gmt":"2024-11-11T07:11:51","slug":"desinfektionstunnel-clean-tunel","status":"publish","type":"product","link":"https:\/\/cleanglobaltech.com\/de\/produkt\/desinfektionstunnel-clean-tunel\/","title":{"rendered":"Desinfektionstunnel Clean Tunel"},"content":{"rendered":"","protected":false},"excerpt":{"rendered":"<p>Der Tunnel CLEAN TUNEL dient zur Desinfektion von Personen inEinrichtungen, in denen Massenveranstaltungen organisiert werden. DieDurchgangskonstruktion aus rostfreiem Stahl gew\u00e4hrleistet volle Sicherheit bei derBenutzung. Der Einsatz bew\u00e4hrter Komponenten und moderner L\u00f6sungen garantierteinen zuverl\u00e4ssigen Betrieb. Das Steuersystem erm\u00f6glicht es Ihnen, dieDesinfektionszeit und die Menge des verwendeten Desinfektionsmittels zuprogrammieren. Das Tor bietet freien Zugang f\u00fcr Menschen im Rollstuhl.<\/p>\n<p><strong>Wirkung<\/strong><\/p>\n<p>Wenn der Tunnel in Betrieb gesetzt wird, wird ein D\u00fcsensystem aktiviert,das die Desinfektionsl\u00f6sung auf die Personen auftr\u00e4gt, die den Tunnelpassieren. Mikrotropfen des Desinfektionsmittels dringen in die Poren derKleidung ein und lagern sich auf ihrer Oberfl\u00e4che ab, wobei sie Viren,Bakterien und Pilze zerst\u00f6ren. Die aufgetragene Menge desDesinfektionsmittels weicht die Kleidung nicht ein und besch\u00e4digt sie nicht.W\u00e4hrend der Anwendung des Desinfektionsmittels leuchtet den Tunnel rotauf.<\/p>\n","protected":false},"featured_media":298,"comment_status":"open","ping_status":"closed","template":"","meta":[],"product_brand":[],"product_cat":[33,35,34],"product_tag":[],"class_list":{"0":"post-418","1":"product","2":"type-product","3":"status-publish","4":"has-post-thumbnail","6":"product_cat-desinfektionskabinen","7":"product_cat-desinfektionsspender","8":"product_cat-desinfektionstunnel","10":"first","11":"instock","12":"featured","13":"shipping-taxable","14":"purchasable","15":"product-type-simple"},"yoast_head":"<!-- This site is optimized with the Yoast SEO plugin v27.3 - https:\/\/yoast.com\/product\/yoast-seo-wordpress\/ -->\n<title>Desinfektionstunnel Clean Tunel - Clean Global Technology<\/title>\n<meta name=\"description\" content=\"Vollautomatischer Desinfektionstunnel. Effizienter Prozess zur Dekontamination von mehr Menschen in k\u00fcrzester Zeit. Empfohlen an Orten mit hoher Personenkapazit\u00e4t.\" \/>\n<meta name=\"robots\" content=\"index, follow, max-snippet:-1, max-image-preview:large, max-video-preview:-1\" \/>\n<link rel=\"canonical\" href=\"https:\/\/cleanglobaltech.com\/de\/produkt\/desinfektionstunnel-clean-tunel\/\" \/>\n<meta property=\"og:locale\" content=\"de_DE\" \/>\n<meta property=\"og:type\" content=\"article\" \/>\n<meta property=\"og:title\" content=\"Desinfektionstunnel Clean Tunel - Clean Global Technology\" \/>\n<meta property=\"og:description\" content=\"Vollautomatischer Desinfektionstunnel. Effizienter Prozess zur Dekontamination von mehr Menschen in k\u00fcrzester Zeit. Empfohlen an Orten mit hoher Personenkapazit\u00e4t.\" \/>\n<meta property=\"og:url\" content=\"https:\/\/cleanglobaltech.com\/de\/produkt\/desinfektionstunnel-clean-tunel\/\" \/>\n<meta property=\"og:site_name\" content=\"Clean Global Technology\" \/>\n<meta property=\"article:modified_time\" content=\"2024-11-11T07:11:51+00:00\" \/>\n<meta property=\"og:image\" content=\"https:\/\/cleanglobaltech.com\/wp-content\/uploads\/2020\/08\/clean-tunel.jpg\" \/>\n\t<meta property=\"og:image:width\" content=\"1000\" \/>\n\t<meta property=\"og:image:height\" content=\"1000\" \/>\n\t<meta property=\"og:image:type\" content=\"image\/jpeg\" \/>\n<meta name=\"twitter:card\" content=\"summary_large_image\" \/>\n<script type=\"application\/ld+json\" class=\"yoast-schema-graph\">{\"@context\":\"https:\\\/\\\/schema.org\",\"@graph\":[{\"@type\":\"WebPage\",\"@id\":\"https:\\\/\\\/cleanglobaltech.com\\\/de\\\/produkt\\\/desinfektionstunnel-clean-tunel\\\/\",\"url\":\"https:\\\/\\\/cleanglobaltech.com\\\/de\\\/produkt\\\/desinfektionstunnel-clean-tunel\\\/\",\"name\":\"Desinfektionstunnel Clean Tunel - Clean Global Technology\",\"isPartOf\":{\"@id\":\"https:\\\/\\\/cleanglobaltech.com\\\/de\\\/#website\"},\"primaryImageOfPage\":{\"@id\":\"https:\\\/\\\/cleanglobaltech.com\\\/de\\\/produkt\\\/desinfektionstunnel-clean-tunel\\\/#primaryimage\"},\"image\":{\"@id\":\"https:\\\/\\\/cleanglobaltech.com\\\/de\\\/produkt\\\/desinfektionstunnel-clean-tunel\\\/#primaryimage\"},\"thumbnailUrl\":\"https:\\\/\\\/cleanglobaltech.com\\\/wp-content\\\/uploads\\\/2020\\\/08\\\/clean-tunel.jpg\",\"datePublished\":\"2020-08-09T11:57:07+00:00\",\"dateModified\":\"2024-11-11T07:11:51+00:00\",\"description\":\"Vollautomatischer Desinfektionstunnel. Effizienter Prozess zur Dekontamination von mehr Menschen in k\u00fcrzester Zeit. Empfohlen an Orten mit hoher Personenkapazit\u00e4t.\",\"breadcrumb\":{\"@id\":\"https:\\\/\\\/cleanglobaltech.com\\\/de\\\/produkt\\\/desinfektionstunnel-clean-tunel\\\/#breadcrumb\"},\"inLanguage\":\"de\",\"potentialAction\":[{\"@type\":\"ReadAction\",\"target\":[\"https:\\\/\\\/cleanglobaltech.com\\\/de\\\/produkt\\\/desinfektionstunnel-clean-tunel\\\/\"]}]},{\"@type\":\"ImageObject\",\"inLanguage\":\"de\",\"@id\":\"https:\\\/\\\/cleanglobaltech.com\\\/de\\\/produkt\\\/desinfektionstunnel-clean-tunel\\\/#primaryimage\",\"url\":\"https:\\\/\\\/cleanglobaltech.com\\\/wp-content\\\/uploads\\\/2020\\\/08\\\/clean-tunel.jpg\",\"contentUrl\":\"https:\\\/\\\/cleanglobaltech.com\\\/wp-content\\\/uploads\\\/2020\\\/08\\\/clean-tunel.jpg\",\"width\":1000,\"height\":1000,\"caption\":\"Tunel do dezynfekcji ludzi Clean Tunel\"},{\"@type\":\"BreadcrumbList\",\"@id\":\"https:\\\/\\\/cleanglobaltech.com\\\/de\\\/produkt\\\/desinfektionstunnel-clean-tunel\\\/#breadcrumb\",\"itemListElement\":[{\"@type\":\"ListItem\",\"position\":1,\"name\":\"Strona g\u0142\u00f3wna\",\"item\":\"https:\\\/\\\/cleanglobaltech.com\\\/de\\\/zuhause\\\/\"},{\"@type\":\"ListItem\",\"position\":2,\"name\":\"Shop\",\"item\":\"https:\\\/\\\/cleanglobaltech.com\\\/de\\\/shop\\\/\"},{\"@type\":\"ListItem\",\"position\":3,\"name\":\"Desinfektionskabinen\",\"item\":\"https:\\\/\\\/cleanglobaltech.com\\\/de\\\/category\\\/desinfektionskabinen\\\/\"},{\"@type\":\"ListItem\",\"position\":4,\"name\":\"Desinfektionstunnel Clean Tunel\"}]},{\"@type\":\"WebSite\",\"@id\":\"https:\\\/\\\/cleanglobaltech.com\\\/de\\\/#website\",\"url\":\"https:\\\/\\\/cleanglobaltech.com\\\/de\\\/\",\"name\":\"Clean Global Technology\",\"description\":\"\",\"potentialAction\":[{\"@type\":\"SearchAction\",\"target\":{\"@type\":\"EntryPoint\",\"urlTemplate\":\"https:\\\/\\\/cleanglobaltech.com\\\/de\\\/?s={search_term_string}\"},\"query-input\":{\"@type\":\"PropertyValueSpecification\",\"valueRequired\":true,\"valueName\":\"search_term_string\"}}],\"inLanguage\":\"de\"}]}<\/script>\n<!-- \/ Yoast SEO plugin. -->","yoast_head_json":{"title":"Desinfektionstunnel Clean Tunel - Clean Global Technology","description":"Vollautomatischer Desinfektionstunnel. Effizienter Prozess zur Dekontamination von mehr Menschen in k\u00fcrzester Zeit. Empfohlen an Orten mit hoher Personenkapazit\u00e4t.","robots":{"index":"index","follow":"follow","max-snippet":"max-snippet:-1","max-image-preview":"max-image-preview:large","max-video-preview":"max-video-preview:-1"},"canonical":"https:\/\/cleanglobaltech.com\/de\/produkt\/desinfektionstunnel-clean-tunel\/","og_locale":"de_DE","og_type":"article","og_title":"Desinfektionstunnel Clean Tunel - Clean Global Technology","og_description":"Vollautomatischer Desinfektionstunnel. Effizienter Prozess zur Dekontamination von mehr Menschen in k\u00fcrzester Zeit. Empfohlen an Orten mit hoher Personenkapazit\u00e4t.","og_url":"https:\/\/cleanglobaltech.com\/de\/produkt\/desinfektionstunnel-clean-tunel\/","og_site_name":"Clean Global Technology","article_modified_time":"2024-11-11T07:11:51+00:00","og_image":[{"width":1000,"height":1000,"url":"https:\/\/cleanglobaltech.com\/wp-content\/uploads\/2020\/08\/clean-tunel.jpg","type":"image\/jpeg"}],"twitter_card":"summary_large_image","schema":{"@context":"https:\/\/schema.org","@graph":[{"@type":"WebPage","@id":"https:\/\/cleanglobaltech.com\/de\/produkt\/desinfektionstunnel-clean-tunel\/","url":"https:\/\/cleanglobaltech.com\/de\/produkt\/desinfektionstunnel-clean-tunel\/","name":"Desinfektionstunnel Clean Tunel - Clean Global Technology","isPartOf":{"@id":"https:\/\/cleanglobaltech.com\/de\/#website"},"primaryImageOfPage":{"@id":"https:\/\/cleanglobaltech.com\/de\/produkt\/desinfektionstunnel-clean-tunel\/#primaryimage"},"image":{"@id":"https:\/\/cleanglobaltech.com\/de\/produkt\/desinfektionstunnel-clean-tunel\/#primaryimage"},"thumbnailUrl":"https:\/\/cleanglobaltech.com\/wp-content\/uploads\/2020\/08\/clean-tunel.jpg","datePublished":"2020-08-09T11:57:07+00:00","dateModified":"2024-11-11T07:11:51+00:00","description":"Vollautomatischer Desinfektionstunnel. Effizienter Prozess zur Dekontamination von mehr Menschen in k\u00fcrzester Zeit. Empfohlen an Orten mit hoher Personenkapazit\u00e4t.","breadcrumb":{"@id":"https:\/\/cleanglobaltech.com\/de\/produkt\/desinfektionstunnel-clean-tunel\/#breadcrumb"},"inLanguage":"de","potentialAction":[{"@type":"ReadAction","target":["https:\/\/cleanglobaltech.com\/de\/produkt\/desinfektionstunnel-clean-tunel\/"]}]},{"@type":"ImageObject","inLanguage":"de","@id":"https:\/\/cleanglobaltech.com\/de\/produkt\/desinfektionstunnel-clean-tunel\/#primaryimage","url":"https:\/\/cleanglobaltech.com\/wp-content\/uploads\/2020\/08\/clean-tunel.jpg","contentUrl":"https:\/\/cleanglobaltech.com\/wp-content\/uploads\/2020\/08\/clean-tunel.jpg","width":1000,"height":1000,"caption":"Tunel do dezynfekcji ludzi Clean Tunel"},{"@type":"BreadcrumbList","@id":"https:\/\/cleanglobaltech.com\/de\/produkt\/desinfektionstunnel-clean-tunel\/#breadcrumb","itemListElement":[{"@type":"ListItem","position":1,"name":"Strona g\u0142\u00f3wna","item":"https:\/\/cleanglobaltech.com\/de\/zuhause\/"},{"@type":"ListItem","position":2,"name":"Shop","item":"https:\/\/cleanglobaltech.com\/de\/shop\/"},{"@type":"ListItem","position":3,"name":"Desinfektionskabinen","item":"https:\/\/cleanglobaltech.com\/de\/category\/desinfektionskabinen\/"},{"@type":"ListItem","position":4,"name":"Desinfektionstunnel Clean Tunel"}]},{"@type":"WebSite","@id":"https:\/\/cleanglobaltech.com\/de\/#website","url":"https:\/\/cleanglobaltech.com\/de\/","name":"Clean Global Technology","description":"","potentialAction":[{"@type":"SearchAction","target":{"@type":"EntryPoint","urlTemplate":"https:\/\/cleanglobaltech.com\/de\/?s={search_term_string}"},"query-input":{"@type":"PropertyValueSpecification","valueRequired":true,"valueName":"search_term_string"}}],"inLanguage":"de"}]}},"_links":{"self":[{"href":"https:\/\/cleanglobaltech.com\/de\/wp-json\/wp\/v2\/product\/418","targetHints":{"allow":["GET"]}}],"collection":[{"href":"https:\/\/cleanglobaltech.com\/de\/wp-json\/wp\/v2\/product"}],"about":[{"href":"https:\/\/cleanglobaltech.com\/de\/wp-json\/wp\/v2\/types\/product"}],"replies":[{"embeddable":true,"href":"https:\/\/cleanglobaltech.com\/de\/wp-json\/wp\/v2\/comments?post=418"}],"wp:featuredmedia":[{"embeddable":true,"href":"https:\/\/cleanglobaltech.com\/de\/wp-json\/wp\/v2\/media\/298"}],"wp:attachment":[{"href":"https:\/\/cleanglobaltech.com\/de\/wp-json\/wp\/v2\/media?parent=418"}],"wp:term":[{"taxonomy":"product_brand","embeddable":true,"href":"https:\/\/cleanglobaltech.com\/de\/wp-json\/wp\/v2\/product_brand?post=418"},{"taxonomy":"product_cat","embeddable":true,"href":"https:\/\/cleanglobaltech.com\/de\/wp-json\/wp\/v2\/product_cat?post=418"},{"taxonomy":"product_tag","embeddable":true,"href":"https:\/\/cleanglobaltech.com\/de\/wp-json\/wp\/v2\/product_tag?post=418"}],"curies":[{"name":"wp","href":"https:\/\/api.w.org\/{rel}","templated":true}]}}