{"id":423,"date":"2020-10-09T11:29:55","date_gmt":"2020-10-09T09:29:55","guid":{"rendered":"https:\/\/cleanglobaltech.com\/produkt\/desinfektionstor-clean-gate\/"},"modified":"2020-11-29T12:42:07","modified_gmt":"2020-11-29T11:42:07","slug":"desinfektionstor-clean-gate","status":"publish","type":"product","link":"https:\/\/cleanglobaltech.com\/de\/produkt\/desinfektionstor-clean-gate\/","title":{"rendered":"Desinfektionstor Clean Gate"},"content":{"rendered":"","protected":false},"excerpt":{"rendered":"<p>Das Tor CLEAN GATE ist zur Desinfektion der Menschen bestimmt. DieKonstruktion aus rostfreiem Stahl gew\u00e4hrleistet vollst\u00e4ndige Sicherheit bei derVerwendung. Der Einsatz bew\u00e4hrter Komponenten und moderner L\u00f6sungengarantiert einen zuverl\u00e4ssigen Betrieb. Das Steuersystem erm\u00f6glicht es Ihnen, dieDesinfektionszeit und die Menge des verwendeten Desinfektionsmittels zuprogrammieren. Das Tor bietet freien Zugang f\u00fcr Menschen im Rollstuhl.<\/p>\n<p><strong>Wirkung<\/strong><\/p>\n<p>Die M\u00f6glichkeit, das Tor zu betreten, wird durch gr\u00fcnes Licht angezeigt. Nach demBetreten des Tors erkennen die Fotozellen die Anwesenheit einer Person undaktivieren das D\u00fcsensystem, das Desinfektionsmittel wird auf die gesamteOberfl\u00e4che aufgetragen. Mikrotropfen des Desinfektionsmittels dringen in die Porender Kleidung ein und lagern sich auf ihrer Oberfl\u00e4che ab, wobei sie Viren, Bakterienund Pilze zerst\u00f6ren. Die aufgetragene Menge des Desinfektionsmittels weicht dieKleidung nicht ein und besch\u00e4digt sie nicht. W\u00e4hrend der Anwendung desDesinfektionsmittels leuchtet das Tor rot auf. Das Ende der Desinfektion wird durchein akustisches Signal signalisiert, woraufhin das Licht des Tors gr\u00fcn leuchtet undder n\u00e4chste Desinfektionsvorgang gestartet werden kann.<\/p>\n","protected":false},"featured_media":285,"comment_status":"open","ping_status":"closed","template":"","meta":[],"product_brand":[],"product_cat":[33,35,34],"product_tag":[],"class_list":{"0":"post-423","1":"product","2":"type-product","3":"status-publish","4":"has-post-thumbnail","6":"product_cat-desinfektionskabinen","7":"product_cat-desinfektionsspender","8":"product_cat-desinfektionstunnel","10":"first","11":"instock","12":"featured","13":"shipping-taxable","14":"purchasable","15":"product-type-simple"},"yoast_head":"<!-- This site is optimized with the Yoast SEO plugin v27.3 - https:\/\/yoast.com\/product\/yoast-seo-wordpress\/ -->\n<title>Desinfektionstor Clean Gate - Clean Global Technology<\/title>\n<meta name=\"description\" content=\"Eine bew\u00e4hrte und einzigartige Desinfektionskabine des polnischen Unternehmens Clean Global Technology von h\u00f6chster Qualit\u00e4t auf dem Markt zur wirksamen Bek\u00e4mpfung von Coronaviren.\" \/>\n<meta name=\"robots\" content=\"index, follow, max-snippet:-1, max-image-preview:large, max-video-preview:-1\" \/>\n<link rel=\"canonical\" href=\"https:\/\/cleanglobaltech.com\/de\/produkt\/desinfektionstor-clean-gate\/\" \/>\n<meta property=\"og:locale\" content=\"de_DE\" \/>\n<meta property=\"og:type\" content=\"article\" \/>\n<meta property=\"og:title\" content=\"Desinfektionstor Clean Gate - Clean Global Technology\" \/>\n<meta property=\"og:description\" content=\"Eine bew\u00e4hrte und einzigartige Desinfektionskabine des polnischen Unternehmens Clean Global Technology von h\u00f6chster Qualit\u00e4t auf dem Markt zur wirksamen Bek\u00e4mpfung von Coronaviren.\" \/>\n<meta property=\"og:url\" content=\"https:\/\/cleanglobaltech.com\/de\/produkt\/desinfektionstor-clean-gate\/\" \/>\n<meta property=\"og:site_name\" content=\"Clean Global Technology\" \/>\n<meta property=\"article:modified_time\" content=\"2020-11-29T11:42:07+00:00\" \/>\n<meta property=\"og:image\" content=\"https:\/\/cleanglobaltech.com\/wp-content\/uploads\/2020\/10\/clean-gate-1.jpg\" \/>\n\t<meta property=\"og:image:width\" content=\"1000\" \/>\n\t<meta property=\"og:image:height\" content=\"1000\" \/>\n\t<meta property=\"og:image:type\" content=\"image\/jpeg\" \/>\n<meta name=\"twitter:card\" content=\"summary_large_image\" \/>\n<script type=\"application\/ld+json\" class=\"yoast-schema-graph\">{\"@context\":\"https:\\\/\\\/schema.org\",\"@graph\":[{\"@type\":\"WebPage\",\"@id\":\"https:\\\/\\\/cleanglobaltech.com\\\/de\\\/produkt\\\/desinfektionstor-clean-gate\\\/\",\"url\":\"https:\\\/\\\/cleanglobaltech.com\\\/de\\\/produkt\\\/desinfektionstor-clean-gate\\\/\",\"name\":\"Desinfektionstor Clean Gate - Clean Global Technology\",\"isPartOf\":{\"@id\":\"https:\\\/\\\/cleanglobaltech.com\\\/de\\\/#website\"},\"primaryImageOfPage\":{\"@id\":\"https:\\\/\\\/cleanglobaltech.com\\\/de\\\/produkt\\\/desinfektionstor-clean-gate\\\/#primaryimage\"},\"image\":{\"@id\":\"https:\\\/\\\/cleanglobaltech.com\\\/de\\\/produkt\\\/desinfektionstor-clean-gate\\\/#primaryimage\"},\"thumbnailUrl\":\"https:\\\/\\\/cleanglobaltech.com\\\/wp-content\\\/uploads\\\/2020\\\/10\\\/clean-gate-1.jpg\",\"datePublished\":\"2020-10-09T09:29:55+00:00\",\"dateModified\":\"2020-11-29T11:42:07+00:00\",\"description\":\"Eine bew\u00e4hrte und einzigartige Desinfektionskabine des polnischen Unternehmens Clean Global Technology von h\u00f6chster Qualit\u00e4t auf dem Markt zur wirksamen Bek\u00e4mpfung von Coronaviren.\",\"breadcrumb\":{\"@id\":\"https:\\\/\\\/cleanglobaltech.com\\\/de\\\/produkt\\\/desinfektionstor-clean-gate\\\/#breadcrumb\"},\"inLanguage\":\"de\",\"potentialAction\":[{\"@type\":\"ReadAction\",\"target\":[\"https:\\\/\\\/cleanglobaltech.com\\\/de\\\/produkt\\\/desinfektionstor-clean-gate\\\/\"]}]},{\"@type\":\"ImageObject\",\"inLanguage\":\"de\",\"@id\":\"https:\\\/\\\/cleanglobaltech.com\\\/de\\\/produkt\\\/desinfektionstor-clean-gate\\\/#primaryimage\",\"url\":\"https:\\\/\\\/cleanglobaltech.com\\\/wp-content\\\/uploads\\\/2020\\\/10\\\/clean-gate-1.jpg\",\"contentUrl\":\"https:\\\/\\\/cleanglobaltech.com\\\/wp-content\\\/uploads\\\/2020\\\/10\\\/clean-gate-1.jpg\",\"width\":1000,\"height\":1000,\"caption\":\"Kabina do dezynfekcji ludzi Clean Gate\"},{\"@type\":\"BreadcrumbList\",\"@id\":\"https:\\\/\\\/cleanglobaltech.com\\\/de\\\/produkt\\\/desinfektionstor-clean-gate\\\/#breadcrumb\",\"itemListElement\":[{\"@type\":\"ListItem\",\"position\":1,\"name\":\"Strona g\u0142\u00f3wna\",\"item\":\"https:\\\/\\\/cleanglobaltech.com\\\/de\\\/zuhause\\\/\"},{\"@type\":\"ListItem\",\"position\":2,\"name\":\"Shop\",\"item\":\"https:\\\/\\\/cleanglobaltech.com\\\/de\\\/shop\\\/\"},{\"@type\":\"ListItem\",\"position\":3,\"name\":\"Desinfektionskabinen\",\"item\":\"https:\\\/\\\/cleanglobaltech.com\\\/de\\\/category\\\/desinfektionskabinen\\\/\"},{\"@type\":\"ListItem\",\"position\":4,\"name\":\"Desinfektionstor Clean Gate\"}]},{\"@type\":\"WebSite\",\"@id\":\"https:\\\/\\\/cleanglobaltech.com\\\/de\\\/#website\",\"url\":\"https:\\\/\\\/cleanglobaltech.com\\\/de\\\/\",\"name\":\"Clean Global Technology\",\"description\":\"\",\"potentialAction\":[{\"@type\":\"SearchAction\",\"target\":{\"@type\":\"EntryPoint\",\"urlTemplate\":\"https:\\\/\\\/cleanglobaltech.com\\\/de\\\/?s={search_term_string}\"},\"query-input\":{\"@type\":\"PropertyValueSpecification\",\"valueRequired\":true,\"valueName\":\"search_term_string\"}}],\"inLanguage\":\"de\"}]}<\/script>\n<!-- \/ Yoast SEO plugin. -->","yoast_head_json":{"title":"Desinfektionstor Clean Gate - Clean Global Technology","description":"Eine bew\u00e4hrte und einzigartige Desinfektionskabine des polnischen Unternehmens Clean Global Technology von h\u00f6chster Qualit\u00e4t auf dem Markt zur wirksamen Bek\u00e4mpfung von Coronaviren.","robots":{"index":"index","follow":"follow","max-snippet":"max-snippet:-1","max-image-preview":"max-image-preview:large","max-video-preview":"max-video-preview:-1"},"canonical":"https:\/\/cleanglobaltech.com\/de\/produkt\/desinfektionstor-clean-gate\/","og_locale":"de_DE","og_type":"article","og_title":"Desinfektionstor Clean Gate - Clean Global Technology","og_description":"Eine bew\u00e4hrte und einzigartige Desinfektionskabine des polnischen Unternehmens Clean Global Technology von h\u00f6chster Qualit\u00e4t auf dem Markt zur wirksamen Bek\u00e4mpfung von Coronaviren.","og_url":"https:\/\/cleanglobaltech.com\/de\/produkt\/desinfektionstor-clean-gate\/","og_site_name":"Clean Global Technology","article_modified_time":"2020-11-29T11:42:07+00:00","og_image":[{"width":1000,"height":1000,"url":"https:\/\/cleanglobaltech.com\/wp-content\/uploads\/2020\/10\/clean-gate-1.jpg","type":"image\/jpeg"}],"twitter_card":"summary_large_image","schema":{"@context":"https:\/\/schema.org","@graph":[{"@type":"WebPage","@id":"https:\/\/cleanglobaltech.com\/de\/produkt\/desinfektionstor-clean-gate\/","url":"https:\/\/cleanglobaltech.com\/de\/produkt\/desinfektionstor-clean-gate\/","name":"Desinfektionstor Clean Gate - Clean Global Technology","isPartOf":{"@id":"https:\/\/cleanglobaltech.com\/de\/#website"},"primaryImageOfPage":{"@id":"https:\/\/cleanglobaltech.com\/de\/produkt\/desinfektionstor-clean-gate\/#primaryimage"},"image":{"@id":"https:\/\/cleanglobaltech.com\/de\/produkt\/desinfektionstor-clean-gate\/#primaryimage"},"thumbnailUrl":"https:\/\/cleanglobaltech.com\/wp-content\/uploads\/2020\/10\/clean-gate-1.jpg","datePublished":"2020-10-09T09:29:55+00:00","dateModified":"2020-11-29T11:42:07+00:00","description":"Eine bew\u00e4hrte und einzigartige Desinfektionskabine des polnischen Unternehmens Clean Global Technology von h\u00f6chster Qualit\u00e4t auf dem Markt zur wirksamen Bek\u00e4mpfung von Coronaviren.","breadcrumb":{"@id":"https:\/\/cleanglobaltech.com\/de\/produkt\/desinfektionstor-clean-gate\/#breadcrumb"},"inLanguage":"de","potentialAction":[{"@type":"ReadAction","target":["https:\/\/cleanglobaltech.com\/de\/produkt\/desinfektionstor-clean-gate\/"]}]},{"@type":"ImageObject","inLanguage":"de","@id":"https:\/\/cleanglobaltech.com\/de\/produkt\/desinfektionstor-clean-gate\/#primaryimage","url":"https:\/\/cleanglobaltech.com\/wp-content\/uploads\/2020\/10\/clean-gate-1.jpg","contentUrl":"https:\/\/cleanglobaltech.com\/wp-content\/uploads\/2020\/10\/clean-gate-1.jpg","width":1000,"height":1000,"caption":"Kabina do dezynfekcji ludzi Clean Gate"},{"@type":"BreadcrumbList","@id":"https:\/\/cleanglobaltech.com\/de\/produkt\/desinfektionstor-clean-gate\/#breadcrumb","itemListElement":[{"@type":"ListItem","position":1,"name":"Strona g\u0142\u00f3wna","item":"https:\/\/cleanglobaltech.com\/de\/zuhause\/"},{"@type":"ListItem","position":2,"name":"Shop","item":"https:\/\/cleanglobaltech.com\/de\/shop\/"},{"@type":"ListItem","position":3,"name":"Desinfektionskabinen","item":"https:\/\/cleanglobaltech.com\/de\/category\/desinfektionskabinen\/"},{"@type":"ListItem","position":4,"name":"Desinfektionstor Clean Gate"}]},{"@type":"WebSite","@id":"https:\/\/cleanglobaltech.com\/de\/#website","url":"https:\/\/cleanglobaltech.com\/de\/","name":"Clean Global Technology","description":"","potentialAction":[{"@type":"SearchAction","target":{"@type":"EntryPoint","urlTemplate":"https:\/\/cleanglobaltech.com\/de\/?s={search_term_string}"},"query-input":{"@type":"PropertyValueSpecification","valueRequired":true,"valueName":"search_term_string"}}],"inLanguage":"de"}]}},"_links":{"self":[{"href":"https:\/\/cleanglobaltech.com\/de\/wp-json\/wp\/v2\/product\/423","targetHints":{"allow":["GET"]}}],"collection":[{"href":"https:\/\/cleanglobaltech.com\/de\/wp-json\/wp\/v2\/product"}],"about":[{"href":"https:\/\/cleanglobaltech.com\/de\/wp-json\/wp\/v2\/types\/product"}],"replies":[{"embeddable":true,"href":"https:\/\/cleanglobaltech.com\/de\/wp-json\/wp\/v2\/comments?post=423"}],"wp:featuredmedia":[{"embeddable":true,"href":"https:\/\/cleanglobaltech.com\/de\/wp-json\/wp\/v2\/media\/285"}],"wp:attachment":[{"href":"https:\/\/cleanglobaltech.com\/de\/wp-json\/wp\/v2\/media?parent=423"}],"wp:term":[{"taxonomy":"product_brand","embeddable":true,"href":"https:\/\/cleanglobaltech.com\/de\/wp-json\/wp\/v2\/product_brand?post=423"},{"taxonomy":"product_cat","embeddable":true,"href":"https:\/\/cleanglobaltech.com\/de\/wp-json\/wp\/v2\/product_cat?post=423"},{"taxonomy":"product_tag","embeddable":true,"href":"https:\/\/cleanglobaltech.com\/de\/wp-json\/wp\/v2\/product_tag?post=423"}],"curies":[{"name":"wp","href":"https:\/\/api.w.org\/{rel}","templated":true}]}}