{"id":3,"date":"2020-10-06T13:18:08","date_gmt":"2020-10-06T11:18:08","guid":{"rendered":"https:\/\/cleanglobaltech.com\/?page_id=3"},"modified":"2023-08-18T07:47:30","modified_gmt":"2023-08-18T05:47:30","slug":"polityka-prywatnosci","status":"publish","type":"page","link":"https:\/\/cleanglobaltech.com\/pl\/polityka-prywatnosci\/","title":{"rendered":"Polityka prywatno\u015bci"},"content":{"rendered":"<h2>Polityka prywatno\u015bci<\/h2>\n<div class=\"row justify-content-center \">\n<div class=\"col-lg-8\">\n<p class=\"text-justify\"><b>Administratorem danych<\/b> jest Clean Global Technology z siedzib\u0105 55-200 O\u0142awa, ul. 1-go Maja 43B , e-mail: biuro@cleanglobaltech.com<\/p>\n<p class=\"text-justify\"><strong>Masz prawo<\/strong>\u00a0dost\u0119pu do Twoich danych, ich poprawiania, \u017c\u0105dania ich usuni\u0119cia, prawo ograniczenia przetwarzania, wniesienia sprzeciwu co do przetwarzania Twoich danych osobowych i prawo ich przenoszenia. Przys\u0142uguje Ci prawo wniesienia skargi do organu nadzorczego, je\u017celi Twoje dane s\u0105 przetwarzane niezgodnie z wymogami prawnymi.<\/p>\n<p class=\"text-justify\"><strong>Dane b\u0119d\u0105 przetwarzane w celu:<\/strong><\/p>\n<ul>\n<li>wykonania umowy o \u015bwiadczenie us\u0142ug lub sprzeda\u017cy produkt\u00f3w zawartej z Clean Global Technology,<\/li>\n<li>marketingowym, na podstawie Twojej dodatkowej zgody r\u00f3wnie\u017c za pomoc\u0105 wiadomo\u015bci wysy\u0142anych na Tw\u00f3j adres e-mail.<\/li>\n<\/ul>\n<p class=\"text-justify\"><strong>Podanie danych jest dobrowolne.\u00a0<\/strong>Nie musisz wype\u0142nia\u0107 formularza, jednak bez podania danych nie b\u0119dziesz m\u00f3g\u0142 za\u0142o\u017cy\u0107 konta i korzysta\u0107 z us\u0142ug \u015bwiadczonych przez Clean Global Technology<\/p>\n<p class=\"text-justify\"><strong>Podstaw\u0105 prawn\u0105 przetwarzania Twoich danych<\/strong>\u00a0s\u0105 art. 6 ust. 1 lit. a, b oraz lit. f\u00a0<a href=\"https:\/\/eur-lex.europa.eu\/legal-content\/PL\/TXT\/PDF\/?uri=CELEX:32016R0679&amp;from=PL\" target=\"_blank\" rel=\"noopener noreferrer\">RODO, czyli tego rozporz\u0105dzenia<\/a>. Prawnie uzasadnionym interesem Administratora jest prowadzenie marketingu w\u0142asnych us\u0142ug. Je\u017celi wyrazisz zgod\u0119 na otrzymywanie dodatkowych komunikat\u00f3w marketingowych r\u00f3wnie\u017c na Tw\u00f3j adres e-mail, to podstaw\u0105 prawn\u0105 b\u0119dzie tak\u017ce art. 10\u00a0<a href=\"http:\/\/prawo.sejm.gov.pl\/isap.nsf\/DocDetails.xsp?id=wdu20021441204\" target=\"_blank\" rel=\"noopener noreferrer\">ustawy o \u015bwiadczeniu us\u0142ug drog\u0105 elektroniczn\u0105<\/a>\u00a0oraz art. 172\u00a0<a href=\"http:\/\/prawo.sejm.gov.pl\/isap.nsf\/DocDetails.xsp?id=WDU20041711800\" target=\"_blank\" rel=\"noopener noreferrer\">ustawy Prawo telekomunikacyjne<\/a>.<\/p>\n<p class=\"text-justify\"><strong>Odbiorcami danych osobowych b\u0119d\u0105:<\/strong><\/p>\n<ul>\n<li>dostawcy narz\u0119dzi do analityki ruchu na stronie, komunikacji z klientami, prowadzenia marketingu, wysy\u0142ki newsletter\u00f3w,<\/li>\n<li>podmioty zajmuj\u0105ce si\u0119 hostingiem (przechowywaniem) serwisu oraz danych osobowych dla Clean Global Technology.<\/li>\n<\/ul>\n<p class=\"text-justify\"><strong>Dane osobowe b\u0119d\u0105 przetwarzane przez czas:<\/strong><\/p>\n<ul>\n<li>trwania umowy o \u015bwiadczenie us\u0142ug przez Clean Global Technology, a po jej zako\u0144czeniu przez czas niezb\u0119dny do wykazania prawid\u0142owego wykonania tej umowy. Czas ten odpowiada d\u0142ugo\u015bci terminu przedawnienia roszcze\u0144;<\/li>\n<li>prowadzenia dzia\u0142a\u0144 marketingowych przez Clean Global Technology. albo do czasu wyra\u017cenia przez Ciebie sprzeciwu wobec dalszego przetwarzania danych osobowych w celach marketingowych, albo odwo\u0142ania zgody na wysy\u0142anie wiadomo\u015bci na Tw\u00f3j adres e-mail. Odwo\u0142anie przez Ciebie zgody nie wp\u0142ywa na zgodno\u015b\u0107 z prawem przetwarzania przed wycofaniem zgody.<\/li>\n<\/ul>\n<p class=\"text-justify\"><strong>Twoje dane b\u0119d\u0105 przekazywane do pa\u0144stw poza Europejskim Obszarem Gospodarczym tj.:<\/strong><\/p>\n<ul>\n<li>do innych kraj\u00f3w, wy\u0142\u0105cznie na podstawie standardowych klauzul umownych, kt\u00f3re zobowi\u0105\u017c\u0105 podmioty, do kt\u00f3rych trafi\u0105 dane do ich w\u0142a\u015bciwego zabezpieczenia.<\/li>\n<\/ul>\n<p class=\"text-justify\">B\u0119dziesz mia\u0142 prawo do otrzymania kopii Twoich danych osobowych, kt\u00f3re zostan\u0105 przekazane do takiego pa\u0144stwa.<\/p>\n<p class=\"text-justify\"><strong>Przys\u0142uguj\u0105 Ci dwa rodzaje prawa sprzeciwu wobec przetwarzania Twoich danych osobowych<\/strong><strong>,<\/strong>\u00a0je\u017celi Clean Global Technology. przetwarza je:<\/p>\n<ul>\n<li>na podstawie prawnie uzasadnionych interes\u00f3w, to mo\u017cesz zg\u0142osi\u0107 sprzeciw z przyczyn zwi\u0105zanych z Twoj\u0105 szczeg\u00f3ln\u0105 sytuacj\u0105;<\/li>\n<li>na potrzeby marketingu bezpo\u015bredniego, to mo\u017cesz zg\u0142osi\u0107 sprzeciw w ka\u017cdym przypadku.<\/li>\n<\/ul>\n<p><strong>Klauzula informacyjna &#8211; formularz kontaktowy na stronie www<\/strong><\/p>\n<p>Zgodnie z art. 13 Og\u00f3lnego Rozporz\u0105dzenia o Ochronie Danych(RODO), informujemy, \u017ce:<br \/>\n1) administratorem Pa\u0144stwa danych osobowych jest Clean Global Technology sp. z o.o. z siedzib\u0105 w O\u0142awie, ul. 1 Maja 43B, 55-200 O\u0142awa.<br \/>\n2) Pa\u0144stwa dane osobowe zamieszczone w formularzu przetwarzane s\u0105 na podstawie art. 6 ust.<br \/>\n1 pkt b) RODO &#8211; w celu obs\u0142ugi zapytania za po\u015brednictwem formularza kontaktowego;<br \/>\n3) Pa\u0144stwa dane osobowe b\u0119d\u0105 przetwarzane przez czas obs\u0142ugi zapytania za po\u015brednictwem formularza kontaktowego;<br \/>\n4) Na zasadach okre\u015blonych powszechnie obowi\u0105zuj\u0105cymi przepisami prawa posiadaj\u0105 Pa\u0144stwo prawo: dost\u0119pu do swoich danych osobowych, \u017c\u0105dania sprostowania oraz usuni\u0119cia swoich danych osobowych, ograniczenia, przenoszenia danych osobowych, a tak\u017ce wniesienia sprzeciwu wobec ich przetwarzania.<br \/>\n5) Przys\u0142uguje Pa\u0144stwu prawo wniesienia skargi do organu nadzorczego &#8211; Prezesa Urz\u0119du Ochrony Danych Osobowych, w razie podejrzenia przetwarzania danych niezgodnie z przepisami prawa.<br \/>\n6) Podanie danych osobowych jest dobrowolne, jednak konieczne dla mo\u017cliwo\u015bci obs\u0142ugi zapytania za po\u015brednictwem formularza kontaktowego. Konsekwencj\u0105 nie podania danych osobowych b\u0119dzie brak mo\u017cliwo\u015bci nawi\u0105zania kontaktu.<br \/>\n7) Pa\u0144stwa dane osobowe b\u0119d\u0105 przekazywane podmiotom trzecim wy\u0142\u0105cznie w wykonaniu obowi\u0105zku wynikaj\u0105cego z powszechnie obowi\u0105zuj\u0105cych przepis\u00f3w prawa lub podmiotom \u015bwiadcz\u0105cym us\u0142ugi wsparcia Administratora.<br \/>\n8) Pa\u0144stwa dane osobowe nie b\u0119d\u0105 przetwarzane w spos\u00f3b zautomatyzowany, w tym nie b\u0119d\u0105 podstaw\u0105 profilowania.<br \/>\n9) Pa\u0144stwa dane osobowe nie b\u0119d\u0105 przekazywane poza obszar EOG ani do organizacji mi\u0119dzynarodowych.<\/p>\n<\/div>\n<\/div>\n","protected":false},"excerpt":{"rendered":"<p>Polityka prywatno\u015bci Administratorem danych jest Clean Global Technology z siedzib\u0105 55-200 O\u0142awa, ul. 1-go Maja 43B , e-mail: biuro@cleanglobaltech.com Masz prawo\u00a0dost\u0119pu do Twoich danych, ich poprawiania, \u017c\u0105dania ich usuni\u0119cia, prawo ograniczenia przetwarzania, wniesienia sprzeciwu co do przetwarzania Twoich danych osobowych i prawo ich przenoszenia. Przys\u0142uguje Ci prawo wniesienia skargi do organu nadzorczego, je\u017celi Twoje dane [&hellip;]<\/p>\n","protected":false},"author":1,"featured_media":0,"parent":0,"menu_order":0,"comment_status":"closed","ping_status":"open","template":"","meta":{"footnotes":""},"class_list":["post-3","page","type-page","status-publish","hentry"],"yoast_head":"<!-- This site is optimized with the Yoast SEO plugin v27.3 - https:\/\/yoast.com\/product\/yoast-seo-wordpress\/ -->\n<title>Polityka prywatno\u015bci - Clean Global Technology<\/title>\n<meta name=\"description\" content=\"Przetwarzania danych osobowych dokonujemy zgodnie z zasadami okre\u015blonymi w przepisach prawa polskiego, w tym z regulacjami Rozporz\u0105dzenia Og\u00f3lnego o Ochronie Danych Osobowych (RODO).\" \/>\n<meta name=\"robots\" content=\"noindex, follow\" \/>\n<meta property=\"og:locale\" content=\"pl_PL\" \/>\n<meta property=\"og:type\" content=\"article\" \/>\n<meta property=\"og:title\" content=\"Polityka prywatno\u015bci - Clean Global Technology\" \/>\n<meta property=\"og:description\" content=\"Przetwarzania danych osobowych dokonujemy zgodnie z zasadami okre\u015blonymi w przepisach prawa polskiego, w tym z regulacjami Rozporz\u0105dzenia Og\u00f3lnego o Ochronie Danych Osobowych (RODO).\" \/>\n<meta property=\"og:url\" content=\"https:\/\/cleanglobaltech.com\/pl\/polityka-prywatnosci\/\" \/>\n<meta property=\"og:site_name\" content=\"Clean Global Technology\" \/>\n<meta property=\"article:modified_time\" content=\"2023-08-18T05:47:30+00:00\" \/>\n<meta name=\"twitter:card\" content=\"summary_large_image\" \/>\n<meta name=\"twitter:label1\" content=\"Szacowany czas czytania\" \/>\n\t<meta name=\"twitter:data1\" content=\"4 minuty\" \/>\n<script type=\"application\/ld+json\" class=\"yoast-schema-graph\">{\"@context\":\"https:\\\/\\\/schema.org\",\"@graph\":[{\"@type\":\"WebPage\",\"@id\":\"https:\\\/\\\/cleanglobaltech.com\\\/pl\\\/polityka-prywatnosci\\\/\",\"url\":\"https:\\\/\\\/cleanglobaltech.com\\\/pl\\\/polityka-prywatnosci\\\/\",\"name\":\"Polityka prywatno\u015bci - Clean Global Technology\",\"isPartOf\":{\"@id\":\"https:\\\/\\\/cleanglobaltech.com\\\/pl\\\/#website\"},\"datePublished\":\"2020-10-06T11:18:08+00:00\",\"dateModified\":\"2023-08-18T05:47:30+00:00\",\"description\":\"Przetwarzania danych osobowych dokonujemy zgodnie z zasadami okre\u015blonymi w przepisach prawa polskiego, w tym z regulacjami Rozporz\u0105dzenia Og\u00f3lnego o Ochronie Danych Osobowych (RODO).\",\"breadcrumb\":{\"@id\":\"https:\\\/\\\/cleanglobaltech.com\\\/pl\\\/polityka-prywatnosci\\\/#breadcrumb\"},\"inLanguage\":\"pl-PL\",\"potentialAction\":[{\"@type\":\"ReadAction\",\"target\":[\"https:\\\/\\\/cleanglobaltech.com\\\/pl\\\/polityka-prywatnosci\\\/\"]}]},{\"@type\":\"BreadcrumbList\",\"@id\":\"https:\\\/\\\/cleanglobaltech.com\\\/pl\\\/polityka-prywatnosci\\\/#breadcrumb\",\"itemListElement\":[{\"@type\":\"ListItem\",\"position\":1,\"name\":\"Strona g\u0142\u00f3wna\",\"item\":\"https:\\\/\\\/cleanglobaltech.com\\\/pl\\\/strona-glowna\\\/\"},{\"@type\":\"ListItem\",\"position\":2,\"name\":\"Polityka prywatno\u015bci\"}]},{\"@type\":\"WebSite\",\"@id\":\"https:\\\/\\\/cleanglobaltech.com\\\/pl\\\/#website\",\"url\":\"https:\\\/\\\/cleanglobaltech.com\\\/pl\\\/\",\"name\":\"Clean Global Technology\",\"description\":\"\",\"potentialAction\":[{\"@type\":\"SearchAction\",\"target\":{\"@type\":\"EntryPoint\",\"urlTemplate\":\"https:\\\/\\\/cleanglobaltech.com\\\/pl\\\/?s={search_term_string}\"},\"query-input\":{\"@type\":\"PropertyValueSpecification\",\"valueRequired\":true,\"valueName\":\"search_term_string\"}}],\"inLanguage\":\"pl-PL\"}]}<\/script>\n<!-- \/ Yoast SEO plugin. -->","yoast_head_json":{"title":"Polityka prywatno\u015bci - Clean Global Technology","description":"Przetwarzania danych osobowych dokonujemy zgodnie z zasadami okre\u015blonymi w przepisach prawa polskiego, w tym z regulacjami Rozporz\u0105dzenia Og\u00f3lnego o Ochronie Danych Osobowych (RODO).","robots":{"index":"noindex","follow":"follow"},"og_locale":"pl_PL","og_type":"article","og_title":"Polityka prywatno\u015bci - Clean Global Technology","og_description":"Przetwarzania danych osobowych dokonujemy zgodnie z zasadami okre\u015blonymi w przepisach prawa polskiego, w tym z regulacjami Rozporz\u0105dzenia Og\u00f3lnego o Ochronie Danych Osobowych (RODO).","og_url":"https:\/\/cleanglobaltech.com\/pl\/polityka-prywatnosci\/","og_site_name":"Clean Global Technology","article_modified_time":"2023-08-18T05:47:30+00:00","twitter_card":"summary_large_image","twitter_misc":{"Szacowany czas czytania":"4 minuty"},"schema":{"@context":"https:\/\/schema.org","@graph":[{"@type":"WebPage","@id":"https:\/\/cleanglobaltech.com\/pl\/polityka-prywatnosci\/","url":"https:\/\/cleanglobaltech.com\/pl\/polityka-prywatnosci\/","name":"Polityka prywatno\u015bci - Clean Global Technology","isPartOf":{"@id":"https:\/\/cleanglobaltech.com\/pl\/#website"},"datePublished":"2020-10-06T11:18:08+00:00","dateModified":"2023-08-18T05:47:30+00:00","description":"Przetwarzania danych osobowych dokonujemy zgodnie z zasadami okre\u015blonymi w przepisach prawa polskiego, w tym z regulacjami Rozporz\u0105dzenia Og\u00f3lnego o Ochronie Danych Osobowych (RODO).","breadcrumb":{"@id":"https:\/\/cleanglobaltech.com\/pl\/polityka-prywatnosci\/#breadcrumb"},"inLanguage":"pl-PL","potentialAction":[{"@type":"ReadAction","target":["https:\/\/cleanglobaltech.com\/pl\/polityka-prywatnosci\/"]}]},{"@type":"BreadcrumbList","@id":"https:\/\/cleanglobaltech.com\/pl\/polityka-prywatnosci\/#breadcrumb","itemListElement":[{"@type":"ListItem","position":1,"name":"Strona g\u0142\u00f3wna","item":"https:\/\/cleanglobaltech.com\/pl\/strona-glowna\/"},{"@type":"ListItem","position":2,"name":"Polityka prywatno\u015bci"}]},{"@type":"WebSite","@id":"https:\/\/cleanglobaltech.com\/pl\/#website","url":"https:\/\/cleanglobaltech.com\/pl\/","name":"Clean Global Technology","description":"","potentialAction":[{"@type":"SearchAction","target":{"@type":"EntryPoint","urlTemplate":"https:\/\/cleanglobaltech.com\/pl\/?s={search_term_string}"},"query-input":{"@type":"PropertyValueSpecification","valueRequired":true,"valueName":"search_term_string"}}],"inLanguage":"pl-PL"}]}},"_links":{"self":[{"href":"https:\/\/cleanglobaltech.com\/pl\/wp-json\/wp\/v2\/pages\/3","targetHints":{"allow":["GET"]}}],"collection":[{"href":"https:\/\/cleanglobaltech.com\/pl\/wp-json\/wp\/v2\/pages"}],"about":[{"href":"https:\/\/cleanglobaltech.com\/pl\/wp-json\/wp\/v2\/types\/page"}],"author":[{"embeddable":true,"href":"https:\/\/cleanglobaltech.com\/pl\/wp-json\/wp\/v2\/users\/1"}],"replies":[{"embeddable":true,"href":"https:\/\/cleanglobaltech.com\/pl\/wp-json\/wp\/v2\/comments?post=3"}],"version-history":[{"count":6,"href":"https:\/\/cleanglobaltech.com\/pl\/wp-json\/wp\/v2\/pages\/3\/revisions"}],"predecessor-version":[{"id":536,"href":"https:\/\/cleanglobaltech.com\/pl\/wp-json\/wp\/v2\/pages\/3\/revisions\/536"}],"wp:attachment":[{"href":"https:\/\/cleanglobaltech.com\/pl\/wp-json\/wp\/v2\/media?parent=3"}],"curies":[{"name":"wp","href":"https:\/\/api.w.org\/{rel}","templated":true}]}}