{"id":105,"date":"2020-09-09T12:44:05","date_gmt":"2020-09-09T10:44:05","guid":{"rendered":"https:\/\/cleanglobaltech.com\/?post_type=product&#038;p=105"},"modified":"2025-05-06T12:30:36","modified_gmt":"2025-05-06T10:30:36","slug":"kabina-dezynfekujaca-clean-gate-plus","status":"publish","type":"product","link":"https:\/\/cleanglobaltech.com\/pl\/produkt\/kabina-dezynfekujaca-clean-gate-plus\/","title":{"rendered":"Kabina dezynfekuj\u0105ca Clean Gate <sup>Plus<\/sup>"},"content":{"rendered":"","protected":false},"excerpt":{"rendered":"<p>Kabina CLEAN GATE przeznaczona jest do dezynfekcji ludzi. Przelotowa konstrukcja wykonana ze stali nierdzewnej zapewnia pe\u0142ne bezpiecze\u0144stwo korzystania. Zastosowanie sprawdzonych podzespo\u0142\u00f3w oraz nowoczesnych rozwi\u0105za\u0144 gwarantuje niezawodne dzia\u0142anie urz\u0105dzenia. Wykonane sterowanie umo\u017cliwia zaprogramowanie czasu odka\u017cania i ilo\u015b\u0107 u\u017cytego roztworu dezynfekuj\u0105cego. Kabina zapewnia swobodny dost\u0119p osobom poruszaj\u0105cym si\u0119 na w\u00f3zkach inwalidzkich.<\/p>\n<h3>Dzia\u0142anie<\/h3>\n<p>Przed wej\u015bciem do kabiny ma miejsce automatyczny pomiar temperatury cia\u0142a. W przypadku wykrycia podwy\u017cszonej temperatury uruchamia si\u0119 alarm \u015bwietlny i d\u017awi\u0119kowy, kabina wykonuje zdj\u0119cie twarzy i blokuje aplikacj\u0119 odka\u017cania. Je\u015bli temperatura cia\u0142a jest w\u0142a\u015bciwa zielone o\u015bwietlenie sygnalizuje mo\u017cliwo\u015b\u0107 wej\u015bcia do kabiny. Po wej\u015bciu do kabiny fotokom\u00f3rki wykrywaj\u0105 obecno\u015b\u0107 cz\u0142owieka i uruchamiaj\u0105 system dysz, nast\u0119puje nanoszenie roztworu dezynfekcyjnego na ca\u0142\u0105 powierzchni\u0119. Mikro kropelki roztworu dezynfekcyjnego wnikaj\u0105 w pory ubra\u0144 i osadzaj\u0105 si\u0119 na ich powierzchni niszcz\u0105c wirusy, bakterie i grzyby. Ilo\u015b\u0107 nanoszonego roztworu nie powoduje namoczenia i zniszczenia ubra\u0144. Podczas aplikacji \u015brodka odka\u017caj\u0105cego kabina \u015bwieci si\u0119 na czerwono. Zako\u0144czenie dezynfekcji sygnalizowane jest d\u017awi\u0119kowo, po czym o\u015bwietlenie kabiny zmienia si\u0119 na zielone i mo\u017cna przyst\u0105pi\u0107 do kolejnego procesu dezynfekcji.<\/p>\n","protected":false},"featured_media":303,"comment_status":"open","ping_status":"closed","template":"","meta":[],"product_brand":[],"product_cat":[20,16,18],"product_tag":[],"class_list":{"0":"post-105","1":"product","2":"type-product","3":"status-publish","4":"has-post-thumbnail","6":"product_cat-dozowniki-do-dezynfekcji","7":"product_cat-kabiny-do-dezynfekcji","8":"product_cat-tunele-do-dezynfekcji","10":"first","11":"instock","12":"featured","13":"shipping-taxable","14":"purchasable","15":"product-type-simple"},"yoast_head":"<!-- This site is optimized with the Yoast SEO plugin v27.3 - https:\/\/yoast.com\/product\/yoast-seo-wordpress\/ -->\n<title>Kabina dezynfekuj\u0105ca Clean Gate Plus - Clean Global Technology<\/title>\n<meta name=\"description\" content=\"Profesjonalna kabina dezynfekuj\u0105ca z dodatkow\u0105 automatyczn\u0105 opcj\u0105 pomiaru temperatury oraz mo\u017cliwo\u015bci\u0105 zapami\u0119tywania twarzy. Skuteczna w walce z COVID-19.\" \/>\n<meta name=\"robots\" content=\"index, follow, max-snippet:-1, max-image-preview:large, max-video-preview:-1\" \/>\n<link rel=\"canonical\" href=\"https:\/\/cleanglobaltech.com\/pl\/produkt\/kabina-dezynfekujaca-clean-gate-plus\/\" \/>\n<meta property=\"og:locale\" content=\"pl_PL\" \/>\n<meta property=\"og:type\" content=\"article\" \/>\n<meta property=\"og:title\" content=\"Kabina dezynfekuj\u0105ca Clean Gate Plus - Clean Global Technology\" \/>\n<meta property=\"og:description\" content=\"Profesjonalna kabina dezynfekuj\u0105ca z dodatkow\u0105 automatyczn\u0105 opcj\u0105 pomiaru temperatury oraz mo\u017cliwo\u015bci\u0105 zapami\u0119tywania twarzy. Skuteczna w walce z COVID-19.\" \/>\n<meta property=\"og:url\" content=\"https:\/\/cleanglobaltech.com\/pl\/produkt\/kabina-dezynfekujaca-clean-gate-plus\/\" \/>\n<meta property=\"og:site_name\" content=\"Clean Global Technology\" \/>\n<meta property=\"article:modified_time\" content=\"2025-05-06T10:30:36+00:00\" \/>\n<meta property=\"og:image\" content=\"https:\/\/cleanglobaltech.com\/wp-content\/uploads\/2020\/09\/clean-gate-plus.jpg\" \/>\n\t<meta property=\"og:image:width\" content=\"1000\" \/>\n\t<meta property=\"og:image:height\" content=\"1000\" \/>\n\t<meta property=\"og:image:type\" content=\"image\/jpeg\" \/>\n<meta name=\"twitter:card\" content=\"summary_large_image\" \/>\n<script type=\"application\/ld+json\" class=\"yoast-schema-graph\">{\"@context\":\"https:\\\/\\\/schema.org\",\"@graph\":[{\"@type\":\"WebPage\",\"@id\":\"https:\\\/\\\/cleanglobaltech.com\\\/pl\\\/produkt\\\/kabina-dezynfekujaca-clean-gate-plus\\\/\",\"url\":\"https:\\\/\\\/cleanglobaltech.com\\\/pl\\\/produkt\\\/kabina-dezynfekujaca-clean-gate-plus\\\/\",\"name\":\"Kabina dezynfekuj\u0105ca Clean Gate Plus - Clean Global Technology\",\"isPartOf\":{\"@id\":\"https:\\\/\\\/cleanglobaltech.com\\\/pl\\\/#website\"},\"primaryImageOfPage\":{\"@id\":\"https:\\\/\\\/cleanglobaltech.com\\\/pl\\\/produkt\\\/kabina-dezynfekujaca-clean-gate-plus\\\/#primaryimage\"},\"image\":{\"@id\":\"https:\\\/\\\/cleanglobaltech.com\\\/pl\\\/produkt\\\/kabina-dezynfekujaca-clean-gate-plus\\\/#primaryimage\"},\"thumbnailUrl\":\"https:\\\/\\\/cleanglobaltech.com\\\/wp-content\\\/uploads\\\/2020\\\/09\\\/clean-gate-plus.jpg\",\"datePublished\":\"2020-09-09T10:44:05+00:00\",\"dateModified\":\"2025-05-06T10:30:36+00:00\",\"description\":\"Profesjonalna kabina dezynfekuj\u0105ca z dodatkow\u0105 automatyczn\u0105 opcj\u0105 pomiaru temperatury oraz mo\u017cliwo\u015bci\u0105 zapami\u0119tywania twarzy. Skuteczna w walce z COVID-19.\",\"breadcrumb\":{\"@id\":\"https:\\\/\\\/cleanglobaltech.com\\\/pl\\\/produkt\\\/kabina-dezynfekujaca-clean-gate-plus\\\/#breadcrumb\"},\"inLanguage\":\"pl-PL\",\"potentialAction\":[{\"@type\":\"ReadAction\",\"target\":[\"https:\\\/\\\/cleanglobaltech.com\\\/pl\\\/produkt\\\/kabina-dezynfekujaca-clean-gate-plus\\\/\"]}]},{\"@type\":\"ImageObject\",\"inLanguage\":\"pl-PL\",\"@id\":\"https:\\\/\\\/cleanglobaltech.com\\\/pl\\\/produkt\\\/kabina-dezynfekujaca-clean-gate-plus\\\/#primaryimage\",\"url\":\"https:\\\/\\\/cleanglobaltech.com\\\/wp-content\\\/uploads\\\/2020\\\/09\\\/clean-gate-plus.jpg\",\"contentUrl\":\"https:\\\/\\\/cleanglobaltech.com\\\/wp-content\\\/uploads\\\/2020\\\/09\\\/clean-gate-plus.jpg\",\"width\":1000,\"height\":1000,\"caption\":\"Kabina do dezynfekcji ludzi Clean Gate Plus\"},{\"@type\":\"BreadcrumbList\",\"@id\":\"https:\\\/\\\/cleanglobaltech.com\\\/pl\\\/produkt\\\/kabina-dezynfekujaca-clean-gate-plus\\\/#breadcrumb\",\"itemListElement\":[{\"@type\":\"ListItem\",\"position\":1,\"name\":\"Strona g\u0142\u00f3wna\",\"item\":\"https:\\\/\\\/cleanglobaltech.com\\\/pl\\\/strona-glowna\\\/\"},{\"@type\":\"ListItem\",\"position\":2,\"name\":\"Produkty\",\"item\":\"https:\\\/\\\/cleanglobaltech.com\\\/pl\\\/produkty-2\\\/\"},{\"@type\":\"ListItem\",\"position\":3,\"name\":\"Kabiny do dezynfekcji\",\"item\":\"https:\\\/\\\/cleanglobaltech.com\\\/pl\\\/category\\\/kabiny-do-dezynfekcji\\\/\"},{\"@type\":\"ListItem\",\"position\":4,\"name\":\"Kabina dezynfekuj\u0105ca Clean Gate Plus\"}]},{\"@type\":\"WebSite\",\"@id\":\"https:\\\/\\\/cleanglobaltech.com\\\/pl\\\/#website\",\"url\":\"https:\\\/\\\/cleanglobaltech.com\\\/pl\\\/\",\"name\":\"Clean Global Technology\",\"description\":\"\",\"potentialAction\":[{\"@type\":\"SearchAction\",\"target\":{\"@type\":\"EntryPoint\",\"urlTemplate\":\"https:\\\/\\\/cleanglobaltech.com\\\/pl\\\/?s={search_term_string}\"},\"query-input\":{\"@type\":\"PropertyValueSpecification\",\"valueRequired\":true,\"valueName\":\"search_term_string\"}}],\"inLanguage\":\"pl-PL\"}]}<\/script>\n<!-- \/ Yoast SEO plugin. -->","yoast_head_json":{"title":"Kabina dezynfekuj\u0105ca Clean Gate Plus - Clean Global Technology","description":"Profesjonalna kabina dezynfekuj\u0105ca z dodatkow\u0105 automatyczn\u0105 opcj\u0105 pomiaru temperatury oraz mo\u017cliwo\u015bci\u0105 zapami\u0119tywania twarzy. Skuteczna w walce z COVID-19.","robots":{"index":"index","follow":"follow","max-snippet":"max-snippet:-1","max-image-preview":"max-image-preview:large","max-video-preview":"max-video-preview:-1"},"canonical":"https:\/\/cleanglobaltech.com\/pl\/produkt\/kabina-dezynfekujaca-clean-gate-plus\/","og_locale":"pl_PL","og_type":"article","og_title":"Kabina dezynfekuj\u0105ca Clean Gate Plus - Clean Global Technology","og_description":"Profesjonalna kabina dezynfekuj\u0105ca z dodatkow\u0105 automatyczn\u0105 opcj\u0105 pomiaru temperatury oraz mo\u017cliwo\u015bci\u0105 zapami\u0119tywania twarzy. Skuteczna w walce z COVID-19.","og_url":"https:\/\/cleanglobaltech.com\/pl\/produkt\/kabina-dezynfekujaca-clean-gate-plus\/","og_site_name":"Clean Global Technology","article_modified_time":"2025-05-06T10:30:36+00:00","og_image":[{"width":1000,"height":1000,"url":"https:\/\/cleanglobaltech.com\/wp-content\/uploads\/2020\/09\/clean-gate-plus.jpg","type":"image\/jpeg"}],"twitter_card":"summary_large_image","schema":{"@context":"https:\/\/schema.org","@graph":[{"@type":"WebPage","@id":"https:\/\/cleanglobaltech.com\/pl\/produkt\/kabina-dezynfekujaca-clean-gate-plus\/","url":"https:\/\/cleanglobaltech.com\/pl\/produkt\/kabina-dezynfekujaca-clean-gate-plus\/","name":"Kabina dezynfekuj\u0105ca Clean Gate Plus - Clean Global Technology","isPartOf":{"@id":"https:\/\/cleanglobaltech.com\/pl\/#website"},"primaryImageOfPage":{"@id":"https:\/\/cleanglobaltech.com\/pl\/produkt\/kabina-dezynfekujaca-clean-gate-plus\/#primaryimage"},"image":{"@id":"https:\/\/cleanglobaltech.com\/pl\/produkt\/kabina-dezynfekujaca-clean-gate-plus\/#primaryimage"},"thumbnailUrl":"https:\/\/cleanglobaltech.com\/wp-content\/uploads\/2020\/09\/clean-gate-plus.jpg","datePublished":"2020-09-09T10:44:05+00:00","dateModified":"2025-05-06T10:30:36+00:00","description":"Profesjonalna kabina dezynfekuj\u0105ca z dodatkow\u0105 automatyczn\u0105 opcj\u0105 pomiaru temperatury oraz mo\u017cliwo\u015bci\u0105 zapami\u0119tywania twarzy. Skuteczna w walce z COVID-19.","breadcrumb":{"@id":"https:\/\/cleanglobaltech.com\/pl\/produkt\/kabina-dezynfekujaca-clean-gate-plus\/#breadcrumb"},"inLanguage":"pl-PL","potentialAction":[{"@type":"ReadAction","target":["https:\/\/cleanglobaltech.com\/pl\/produkt\/kabina-dezynfekujaca-clean-gate-plus\/"]}]},{"@type":"ImageObject","inLanguage":"pl-PL","@id":"https:\/\/cleanglobaltech.com\/pl\/produkt\/kabina-dezynfekujaca-clean-gate-plus\/#primaryimage","url":"https:\/\/cleanglobaltech.com\/wp-content\/uploads\/2020\/09\/clean-gate-plus.jpg","contentUrl":"https:\/\/cleanglobaltech.com\/wp-content\/uploads\/2020\/09\/clean-gate-plus.jpg","width":1000,"height":1000,"caption":"Kabina do dezynfekcji ludzi Clean Gate Plus"},{"@type":"BreadcrumbList","@id":"https:\/\/cleanglobaltech.com\/pl\/produkt\/kabina-dezynfekujaca-clean-gate-plus\/#breadcrumb","itemListElement":[{"@type":"ListItem","position":1,"name":"Strona g\u0142\u00f3wna","item":"https:\/\/cleanglobaltech.com\/pl\/strona-glowna\/"},{"@type":"ListItem","position":2,"name":"Produkty","item":"https:\/\/cleanglobaltech.com\/pl\/produkty-2\/"},{"@type":"ListItem","position":3,"name":"Kabiny do dezynfekcji","item":"https:\/\/cleanglobaltech.com\/pl\/category\/kabiny-do-dezynfekcji\/"},{"@type":"ListItem","position":4,"name":"Kabina dezynfekuj\u0105ca Clean Gate Plus"}]},{"@type":"WebSite","@id":"https:\/\/cleanglobaltech.com\/pl\/#website","url":"https:\/\/cleanglobaltech.com\/pl\/","name":"Clean Global Technology","description":"","potentialAction":[{"@type":"SearchAction","target":{"@type":"EntryPoint","urlTemplate":"https:\/\/cleanglobaltech.com\/pl\/?s={search_term_string}"},"query-input":{"@type":"PropertyValueSpecification","valueRequired":true,"valueName":"search_term_string"}}],"inLanguage":"pl-PL"}]}},"_links":{"self":[{"href":"https:\/\/cleanglobaltech.com\/pl\/wp-json\/wp\/v2\/product\/105","targetHints":{"allow":["GET"]}}],"collection":[{"href":"https:\/\/cleanglobaltech.com\/pl\/wp-json\/wp\/v2\/product"}],"about":[{"href":"https:\/\/cleanglobaltech.com\/pl\/wp-json\/wp\/v2\/types\/product"}],"replies":[{"embeddable":true,"href":"https:\/\/cleanglobaltech.com\/pl\/wp-json\/wp\/v2\/comments?post=105"}],"wp:featuredmedia":[{"embeddable":true,"href":"https:\/\/cleanglobaltech.com\/pl\/wp-json\/wp\/v2\/media\/303"}],"wp:attachment":[{"href":"https:\/\/cleanglobaltech.com\/pl\/wp-json\/wp\/v2\/media?parent=105"}],"wp:term":[{"taxonomy":"product_brand","embeddable":true,"href":"https:\/\/cleanglobaltech.com\/pl\/wp-json\/wp\/v2\/product_brand?post=105"},{"taxonomy":"product_cat","embeddable":true,"href":"https:\/\/cleanglobaltech.com\/pl\/wp-json\/wp\/v2\/product_cat?post=105"},{"taxonomy":"product_tag","embeddable":true,"href":"https:\/\/cleanglobaltech.com\/pl\/wp-json\/wp\/v2\/product_tag?post=105"}],"curies":[{"name":"wp","href":"https:\/\/api.w.org\/{rel}","templated":true}]}}